{"id":484,"date":"2022-02-18T12:43:10","date_gmt":"2022-02-18T12:43:10","guid":{"rendered":"https:\/\/uppsalatandkliniken.se\/?page_id=484"},"modified":"2022-12-07T11:13:02","modified_gmt":"2022-12-07T11:13:02","slug":"blogg","status":"publish","type":"page","link":"https:\/\/uppsalatandkliniken.se\/en\/blogg\/","title":{"rendered":"Blog"},"content":{"rendered":"<div data-elementor-type=\"wp-page\" data-elementor-id=\"484\" class=\"elementor elementor-484\">\n\t\t\t\t\t\t\t\t\t<section class=\"elementor-section elementor-top-section elementor-element elementor-element-b0b87b5 elementor-section-height-min-height elementor-section-boxed elementor-section-height-default elementor-section-items-middle\" data-id=\"b0b87b5\" data-element_type=\"section\" data-settings=\"{&quot;background_background&quot;:&quot;classic&quot;}\">\n\t\t\t\t\t\t<div class=\"elementor-container elementor-column-gap-default\">\n\t\t\t\t\t<div class=\"elementor-column elementor-col-100 elementor-top-column elementor-element elementor-element-4180bfb\" data-id=\"4180bfb\" data-element_type=\"column\">\n\t\t\t<div class=\"elementor-widget-wrap elementor-element-populated\">\n\t\t\t\t\t\t\t\t<div class=\"elementor-element elementor-element-6497586 elementor-invisible elementor-widget elementor-widget-heading\" data-id=\"6497586\" data-element_type=\"widget\" data-settings=\"{&quot;_animation&quot;:&quot;fadeInLeft&quot;}\" data-widget_type=\"heading.default\">\n\t\t\t\t<div class=\"elementor-widget-container\">\n\t\t\t<style>\/*! elementor - v3.6.5 - 27-04-2022 *\/\n.elementor-heading-title{padding:0;margin:0;line-height:1}.elementor-widget-heading .elementor-heading-title[class*=elementor-size-]>a{color:inherit;font-size:inherit;line-height:inherit}.elementor-widget-heading .elementor-heading-title.elementor-size-small{font-size:15px}.elementor-widget-heading .elementor-heading-title.elementor-size-medium{font-size:19px}.elementor-widget-heading .elementor-heading-title.elementor-size-large{font-size:29px}.elementor-widget-heading .elementor-heading-title.elementor-size-xl{font-size:39px}.elementor-widget-heading .elementor-heading-title.elementor-size-xxl{font-size:59px}<\/style><h1 class=\"elementor-heading-title elementor-size-default\">Welcome to our Blog<\/h1>\t\t<\/div>\n\t\t\t\t<\/div>\n\t\t\t\t\t<\/div>\n\t\t<\/div>\n\t\t\t\t\t\t\t<\/div>\n\t\t<\/section>\n\t\t\t\t<section class=\"elementor-section elementor-top-section elementor-element elementor-element-40f75612 elementor-section-boxed elementor-section-height-default elementor-section-height-default\" data-id=\"40f75612\" data-element_type=\"section\">\n\t\t\t\t\t\t<div class=\"elementor-container elementor-column-gap-no\">\n\t\t\t\t\t<div class=\"elementor-column elementor-col-100 elementor-top-column elementor-element elementor-element-3774cbe4\" data-id=\"3774cbe4\" data-element_type=\"column\">\n\t\t\t<div class=\"elementor-widget-wrap elementor-element-populated\">\n\t\t\t\t\t\t\t\t<div class=\"elementor-element elementor-element-37a046b1 elementor-grid-eael-col-3 elementor-grid-tablet-eael-col-3 elementor-grid-mobile-eael-col-1 elementor-widget elementor-widget-eael-post-grid\" data-id=\"37a046b1\" data-element_type=\"widget\" data-settings=\"{&quot;eael_post_grid_columns&quot;:&quot;eael-col-3&quot;,&quot;eael_post_grid_columns_tablet&quot;:&quot;eael-col-3&quot;,&quot;eael_post_grid_columns_mobile&quot;:&quot;eael-col-1&quot;}\" data-widget_type=\"eael-post-grid.default\">\n\t\t\t\t<div class=\"elementor-widget-container\">\n\t\t\t<div id=\"eael-post-grid-37a046b1\" class=\"eael-post-grid-container\">\n            <div class=\"eael-post-grid eael-post-appender eael-post-appender-37a046b1 eael-post-grid-style-default\" data-layout-mode=\"grid\"><article class=\"eael-grid-post eael-post-grid-column\" data-id=\"540\">\n        <div class=\"eael-grid-post-holder\">\n            <div class=\"eael-grid-post-holder-inner\"><div class=\"eael-entry-media\"><div class=\"eael-entry-overlay fade-in\"><i class=\"\" aria-hidden=\"true\"><\/i><a href=\"https:\/\/uppsalatandkliniken.se\/en\/2022\/02\/18\/bedovning\/\"><\/a><\/div><div class=\"eael-entry-thumbnail\">\n                <img width=\"1747\" height=\"1280\" src=\"https:\/\/uppsalatandkliniken.se\/wp-content\/uploads\/2022\/02\/pexels-andrea-piacquadio-3952379-scaled-e1645190308478.jpg\" class=\"attachment-full size-full\" alt=\"\" decoding=\"async\" loading=\"lazy\" srcset=\"https:\/\/uppsalatandkliniken.se\/wp-content\/uploads\/2022\/02\/pexels-andrea-piacquadio-3952379-scaled-e1645190308478.jpg 1747w, https:\/\/uppsalatandkliniken.se\/wp-content\/uploads\/2022\/02\/pexels-andrea-piacquadio-3952379-scaled-e1645190308478-300x220.jpg 300w, https:\/\/uppsalatandkliniken.se\/wp-content\/uploads\/2022\/02\/pexels-andrea-piacquadio-3952379-scaled-e1645190308478-1024x750.jpg 1024w, https:\/\/uppsalatandkliniken.se\/wp-content\/uploads\/2022\/02\/pexels-andrea-piacquadio-3952379-scaled-e1645190308478-768x563.jpg 768w, https:\/\/uppsalatandkliniken.se\/wp-content\/uploads\/2022\/02\/pexels-andrea-piacquadio-3952379-scaled-e1645190308478-1536x1125.jpg 1536w\" sizes=\"(max-width: 1747px) 100vw, 1747px\" \/>\n            <\/div>\n        <\/div><div class=\"eael-entry-wrapper\"><header class=\"eael-entry-header\"><h2 class=\"eael-entry-title\"><a class=\"eael-grid-post-link\" href=\"https:\/\/uppsalatandkliniken.se\/en\/2022\/02\/18\/bedovning\/\" title=\"Anesthesia\">Anesthesia<\/a><\/h2><\/header><div class=\"eael-entry-meta\"><\/div><div class=\"eael-entry-content\">\n                        <div class=\"eael-grid-post-excerpt\"><p>ABOUT ANESTHESIA The word anesthesia comes from the Greek ...<\/p><\/div>\n                    <\/div><\/div><\/div>\n        <\/div>\n    <\/article><article class=\"eael-grid-post eael-post-grid-column\" data-id=\"535\">\n        <div class=\"eael-grid-post-holder\">\n            <div class=\"eael-grid-post-holder-inner\"><div class=\"eael-entry-media\"><div class=\"eael-entry-overlay fade-in\"><i class=\"\" aria-hidden=\"true\"><\/i><a href=\"https:\/\/uppsalatandkliniken.se\/en\/2022\/02\/18\/implantat\/\"><\/a><\/div><div class=\"eael-entry-thumbnail\">\n                <img width=\"1664\" height=\"1132\" src=\"https:\/\/uppsalatandkliniken.se\/wp-content\/uploads\/2022\/02\/pexels-pavel-danilyuk-6812500-scaled-e1645190378872.jpg\" class=\"attachment-full size-full\" alt=\"\" decoding=\"async\" loading=\"lazy\" srcset=\"https:\/\/uppsalatandkliniken.se\/wp-content\/uploads\/2022\/02\/pexels-pavel-danilyuk-6812500-scaled-e1645190378872.jpg 1664w, https:\/\/uppsalatandkliniken.se\/wp-content\/uploads\/2022\/02\/pexels-pavel-danilyuk-6812500-scaled-e1645190378872-300x204.jpg 300w, https:\/\/uppsalatandkliniken.se\/wp-content\/uploads\/2022\/02\/pexels-pavel-danilyuk-6812500-scaled-e1645190378872-1024x697.jpg 1024w, https:\/\/uppsalatandkliniken.se\/wp-content\/uploads\/2022\/02\/pexels-pavel-danilyuk-6812500-scaled-e1645190378872-768x522.jpg 768w, https:\/\/uppsalatandkliniken.se\/wp-content\/uploads\/2022\/02\/pexels-pavel-danilyuk-6812500-scaled-e1645190378872-1536x1045.jpg 1536w\" sizes=\"(max-width: 1664px) 100vw, 1664px\" \/>\n            <\/div>\n        <\/div><div class=\"eael-entry-wrapper\"><header class=\"eael-entry-header\"><h2 class=\"eael-entry-title\"><a class=\"eael-grid-post-link\" href=\"https:\/\/uppsalatandkliniken.se\/en\/2022\/02\/18\/implantat\/\" title=\"Implant\">Implant<\/a><\/h2><\/header><div class=\"eael-entry-meta\"><\/div><div class=\"eael-entry-content\">\n                        <div class=\"eael-grid-post-excerpt\"><p>10 benefits of implants 1. The implant is chewed ...<\/p><\/div>\n                    <\/div><\/div><\/div>\n        <\/div>\n    <\/article><article class=\"eael-grid-post eael-post-grid-column\" data-id=\"237\">\n        <div class=\"eael-grid-post-holder\">\n            <div class=\"eael-grid-post-holder-inner\"><div class=\"eael-entry-media\"><div class=\"eael-entry-overlay fade-in\"><i class=\"\" aria-hidden=\"true\"><\/i><a href=\"https:\/\/uppsalatandkliniken.se\/en\/2022\/02\/09\/borsta-ratt\/\"><\/a><\/div><div class=\"eael-entry-thumbnail\">\n                <img width=\"1707\" height=\"1452\" src=\"https:\/\/uppsalatandkliniken.se\/wp-content\/uploads\/2022\/02\/pexels-tima-miroshnichenko-7607307-scaled-e1645190223483.jpg\" class=\"attachment-full size-full\" alt=\"\" decoding=\"async\" loading=\"lazy\" srcset=\"https:\/\/uppsalatandkliniken.se\/wp-content\/uploads\/2022\/02\/pexels-tima-miroshnichenko-7607307-scaled-e1645190223483.jpg 1707w, https:\/\/uppsalatandkliniken.se\/wp-content\/uploads\/2022\/02\/pexels-tima-miroshnichenko-7607307-scaled-e1645190223483-300x255.jpg 300w, https:\/\/uppsalatandkliniken.se\/wp-content\/uploads\/2022\/02\/pexels-tima-miroshnichenko-7607307-scaled-e1645190223483-1024x871.jpg 1024w, https:\/\/uppsalatandkliniken.se\/wp-content\/uploads\/2022\/02\/pexels-tima-miroshnichenko-7607307-scaled-e1645190223483-768x653.jpg 768w, https:\/\/uppsalatandkliniken.se\/wp-content\/uploads\/2022\/02\/pexels-tima-miroshnichenko-7607307-scaled-e1645190223483-1536x1307.jpg 1536w\" sizes=\"(max-width: 1707px) 100vw, 1707px\" \/>\n            <\/div>\n        <\/div><div class=\"eael-entry-wrapper\"><header class=\"eael-entry-header\"><h2 class=\"eael-entry-title\"><a class=\"eael-grid-post-link\" href=\"https:\/\/uppsalatandkliniken.se\/en\/2022\/02\/09\/borsta-ratt\/\" title=\"Brush correctly\">Brush correctly<\/a><\/h2><\/header><div class=\"eael-entry-meta\"><\/div><div class=\"eael-entry-content\">\n                        <div class=\"eael-grid-post-excerpt\"><p>Brush right! The following is a careful ...<\/p><\/div>\n                    <\/div><\/div><\/div>\n        <\/div>\n    <\/article><\/div>\n            <div class=\"clearfix\"><\/div>\n        <\/div>\t\t<\/div>\n\t\t\t\t<\/div>\n\t\t\t\t\t<\/div>\n\t\t<\/div>\n\t\t\t\t\t\t\t<\/div>\n\t\t<\/section>\n\t\t\t\t<section class=\"elementor-section elementor-top-section elementor-element elementor-element-6abdd517 elementor-section-boxed elementor-section-height-default elementor-section-height-default\" data-id=\"6abdd517\" data-element_type=\"section\">\n\t\t\t\t\t\t<div class=\"elementor-container elementor-column-gap-no\">\n\t\t\t\t\t<div class=\"elementor-column elementor-col-100 elementor-top-column elementor-element elementor-element-efcadc8\" data-id=\"efcadc8\" data-element_type=\"column\" data-settings=\"{&quot;background_background&quot;:&quot;classic&quot;}\">\n\t\t\t<div class=\"elementor-widget-wrap elementor-element-populated\">\n\t\t\t\t\t\t\t\t<section class=\"elementor-section elementor-inner-section elementor-element elementor-element-6138e3c5 elementor-section-full_width elementor-section-height-default elementor-section-height-default\" data-id=\"6138e3c5\" data-element_type=\"section\">\n\t\t\t\t\t\t<div class=\"elementor-container elementor-column-gap-no\">\n\t\t\t\t\t<div class=\"elementor-column elementor-col-100 elementor-inner-column elementor-element elementor-element-587ef5b3\" data-id=\"587ef5b3\" data-element_type=\"column\">\n\t\t\t<div class=\"elementor-widget-wrap elementor-element-populated\">\n\t\t\t\t\t\t\t\t<div class=\"elementor-element elementor-element-dc95107 elementor-invisible elementor-widget elementor-widget-heading\" data-id=\"dc95107\" data-element_type=\"widget\" data-settings=\"{&quot;_animation&quot;:&quot;fadeIn&quot;}\" data-widget_type=\"heading.default\">\n\t\t\t\t<div class=\"elementor-widget-container\">\n\t\t\t<h1 class=\"elementor-heading-title elementor-size-default\">Need help?<\/h1>\t\t<\/div>\n\t\t\t\t<\/div>\n\t\t\t\t\t<\/div>\n\t\t<\/div>\n\t\t\t\t\t\t\t<\/div>\n\t\t<\/section>\n\t\t\t\t<div class=\"elementor-element elementor-element-85f42a0 elementor-mobile-align-center elementor-align-center elementor-invisible elementor-widget elementor-widget-button\" data-id=\"85f42a0\" data-element_type=\"widget\" data-settings=\"{&quot;_animation&quot;:&quot;fadeInLeft&quot;}\" data-widget_type=\"button.default\">\n\t\t\t\t<div class=\"elementor-widget-container\">\n\t\t\t\t\t<div class=\"elementor-button-wrapper\">\n\t\t\t<a href=\"https:\/\/uppsalatandkliniken.se\/en\/kontakta-oss\/\" target=\"_blank\" class=\"elementor-button-link elementor-button elementor-size-xl elementor-animation-float\" role=\"button\">\n\t\t\t\t\t\t<span class=\"elementor-button-content-wrapper\">\n\t\t\t\t\t\t<span class=\"elementor-button-text\">Contact us<\/span>\n\t\t<\/span>\n\t\t\t\t\t<\/a>\n\t\t<\/div>\n\t\t\t\t<\/div>\n\t\t\t\t<\/div>\n\t\t\t\t\t<\/div>\n\t\t<\/div>\n\t\t\t\t\t\t\t<\/div>\n\t\t<\/section>\n\t\t\t\t\t\t\t<\/div>","protected":false},"excerpt":{"rendered":"<p>V\u00e4lkommen till v\u00e5r Blogg Narkos\/Bed\u00f6vning Narkos\/bed\u00f6vning \u00a0 \u00a0\u00a0\u00a0\u00a0 OM ANESTESI Ordet anestesi kommer fr\u00e5n grekiskan&#8230; Implantat 10 f\u00f6rdelar med implantat \u00a0 \u00a0\u00a0\u00a0\u00a0 1. Med implantatet tuggas&#8230; Borsta r\u00e4tt Borsta r\u00e4tt! &nbsp; &nbsp; &nbsp; Det f\u00f6ljande \u00e4r en noggrant&#8230; Beh\u00f6ver du hj\u00e4lp? Kontakta oss!<\/p>","protected":false},"author":1,"featured_media":0,"parent":0,"menu_order":0,"comment_status":"closed","ping_status":"closed","template":"elementor_header_footer","meta":[],"_links":{"self":[{"href":"https:\/\/uppsalatandkliniken.se\/en\/wp-json\/wp\/v2\/pages\/484"}],"collection":[{"href":"https:\/\/uppsalatandkliniken.se\/en\/wp-json\/wp\/v2\/pages"}],"about":[{"href":"https:\/\/uppsalatandkliniken.se\/en\/wp-json\/wp\/v2\/types\/page"}],"author":[{"embeddable":true,"href":"https:\/\/uppsalatandkliniken.se\/en\/wp-json\/wp\/v2\/users\/1"}],"replies":[{"embeddable":true,"href":"https:\/\/uppsalatandkliniken.se\/en\/wp-json\/wp\/v2\/comments?post=484"}],"version-history":[{"count":27,"href":"https:\/\/uppsalatandkliniken.se\/en\/wp-json\/wp\/v2\/pages\/484\/revisions"}],"predecessor-version":[{"id":1027,"href":"https:\/\/uppsalatandkliniken.se\/en\/wp-json\/wp\/v2\/pages\/484\/revisions\/1027"}],"wp:attachment":[{"href":"https:\/\/uppsalatandkliniken.se\/en\/wp-json\/wp\/v2\/media?parent=484"}],"curies":[{"name":"wp","href":"https:\/\/api.w.org\/{rel}","templated":true}]}}